{"id":7869,"date":"2023-05-13T21:22:27","date_gmt":"2023-05-14T02:22:27","guid":{"rendered":"https:\/\/onlyrentacar.com\/?page_id=7869"},"modified":"2023-05-13T21:55:52","modified_gmt":"2023-05-14T02:55:52","slug":"elementor-7869","status":"publish","type":"page","link":"https:\/\/onlyrentacar.com\/en\/elementor-7869\/","title":{"rendered":"Elementor #7869"},"content":{"rendered":"<div data-elementor-type=\"wp-page\" data-elementor-id=\"7869\" class=\"elementor elementor-7869\" data-elementor-post-type=\"page\">\n\t\t\t\t\t\t<section class=\"elementor-section elementor-top-section elementor-element elementor-element-b435145 elementor-section-boxed elementor-section-height-default elementor-section-height-default\" data-id=\"b435145\" data-element_type=\"section\" data-e-type=\"section\">\n\t\t\t\t\t\t<div class=\"elementor-container elementor-column-gap-default\">\n\t\t\t\t\t<div class=\"elementor-column elementor-col-100 elementor-top-column elementor-element elementor-element-6056d44\" data-id=\"6056d44\" data-element_type=\"column\" data-e-type=\"column\">\n\t\t\t<div class=\"elementor-widget-wrap elementor-element-populated\">\n\t\t\t\t\t\t<div class=\"elementor-element elementor-element-dd94e2e elementor-widget elementor-widget-text-editor\" data-id=\"dd94e2e\" data-element_type=\"widget\" data-e-type=\"widget\" data-widget_type=\"text-editor.default\">\n\t\t\t\t<div class=\"elementor-widget-container\">\n\t\t\t\t\t\t\t\t\t<p><strong>INTRODUCCI\u00d3N.<\/strong><\/p><p>Bienvenido a \u201cOnly Rent A Car\u201d, en donde queremos ofrecerle la mejor experiencia posible para la renta de veh\u00faculos. Con este fin, necesitamos conocer diversos datos personales y algunos de sus h\u00e1bitos para poder prestarle un servicio c\u00e1lido, profesional y personalizado. La privacidad y la seguridad de sus datos personales son y siempre ser\u00e1n de fundamental importancia para nosotros. Por ello, le damos a conocer a continuaci\u00f3n nuestro:<\/p><p><strong>AVISO DE PRIVACIDAD:<\/strong><\/p><p>En t\u00e9rminos de la Ley Federal de Protecci\u00f3n de Datos Personales en Posesi\u00f3n de los Particulares (la \u201cLFPDPPP\u201d), la marca \u201cONLY RENT A CAR\u201d es quien ser\u00e1 el responsable del tratamiento de los datos personales.<\/p><p><strong>Compromiso de Only Rent A Car con su privacidad.<\/strong><\/p><p>En Only Rent A Car respetamos su derecho a la privacidad y a la protecci\u00f3n de sus datos personales. Nosotros no vendemos o rentamos a terceros sus datos. Se transferir\u00e1n o compartir\u00e1n \u00fanicamente en los t\u00e9rminos establecidos en este Aviso de Privacidad y se compartir\u00e1n solo si usted lo ha consentido o bien, cuando no se requiera su consentimiento en t\u00e9rminos de la legislaci\u00f3n aplicable.<\/p><p>Este Aviso de Privacidad explica las pol\u00edticas y pr\u00e1cticas de privacidad que se rigen en Neuro Frequencies con relaci\u00f3n al tratamiento que hacemos de sus datos personales (entendiendo por tratamiento la obtenci\u00f3n, el uso, la divulgaci\u00f3n, y almacenamiento de dichos datos) y las medidas que tomamos para proteger sus datos. Este Aviso est\u00e1 dirigido principalmente a nuestros clientes, as\u00ed como a cualquier persona que haga uso de nuestra p\u00e1gina web, localizada en <a href=\"https:\/\/onlyrentacar.com\/en\/\">www.onlyrentacar.com<\/a> (el \u201cSitio web\u201d).<\/p><p><strong>Datos personales recabados por Only Rent A Car.<\/strong><\/p><p>Para los fines establecidos en este Aviso de Privacidad, podemos obtener, refiriendo de forma enunciativa, mas no limitativa, los datos personales que se refieren a continuaci\u00f3n:<\/p><ol><li>Datos de identificaci\u00f3n: informaci\u00f3n que permite diferenciarlo de otros individuos. Estos datos incluyen: nombre.<\/li><li>Datos de contacto: informaci\u00f3n que nos permite mantenernos en contacto con usted. Esos datos incluyen su domicilio, domicilio fiscal, correo electr\u00f3nico, tel\u00e9fono particular u otro tel\u00e9fono de contacto;<\/li><li>Alg\u00fan otro dato no referido anteriormente, que pudiera provenir de su registro a trav\u00e9s de su perfil en facebook, o en el futuro a trav\u00e9s de otras plataformas como: blog, o alg\u00fan tipo de red social, en cuyo caso solo se obtendr\u00e1n los datos mencionados en el presente Aviso de Privacidad, dejando a salvo el resto de informaci\u00f3n de dicho perfil.\u00a0<\/li><\/ol><p><strong>Obtenci\u00f3n de sus datos personales.<\/strong><\/p><p>Only Rent A Car obtiene datos de usted ya sea personalmente o de manera directa (v.g. a trav\u00e9s de correo electr\u00f3nico, v\u00eda telef\u00f3nica o a trav\u00e9s de su interacci\u00f3n con Facebook, WhatsApp o en el Sitio web). Algunos ejemplos son los siguientes:<\/p><ol><li>Cuando usted inicia una conversaci\u00f3n en WhatsApp.<\/li><li>Cuando usted deja sus datos de contacto en formularios de contacto o de suscripci\u00f3n a nuestro bolet\u00edn para recibir informaci\u00f3n, promociones o publicidad.<\/li><li>Cuando usted deja sus datos en un chat de Telegram.<\/li><li>Cuando usted adquiere productos o servicios a trav\u00e9s del Sitio o en puntos de contacto como nuestras oficinas.<\/li><li>Cuando se pone en contacto con nosotros, cualquiera que sea el motivo de su comunicaci\u00f3n, a trav\u00e9s del Sitio web,\u00a0 Aplicaci\u00f3n, alguna de nuestras oficinas, o a trav\u00e9s de nuestro Centro de Atenci\u00f3n a clientes;<\/li><li>Cuando usted participa en alguna promoci\u00f3n, evento o encuesta.<\/li><li>Cuando usted interact\u00faa con alguna de nuestras redes sociales.<\/li><\/ol><p>Only Rent A Car puede obtener de manera autom\u00e1tica cierta informaci\u00f3n cuando usted visita el sitio web, o interact\u00faa\u00a0 con alguna plataforma vinculada a nuestras redes sociales, etc.. Esta informaci\u00f3n incluye la direcci\u00f3n IP asociada a su equipo de c\u00f3mputo y el sistema operativo que utiliza, la p\u00e1gina web desde la cual usted fue enlazado a nuestro sitio web, o el dispositivo m\u00f3vil del que interact\u00faa con nosotros, su actividad dentro del Sitio web, la fecha y hora en la que la visit\u00f3 y sus compras. Esta informaci\u00f3n puede ser obtenida a trav\u00e9s del uso de \u201cCookies\u201d y \u201cWeb Beacons\u201d.<\/p><p>Only Rent A Car tambi\u00e9n puede obtener informaci\u00f3n de usted de manera indirecta cuando esta nos es proporcionada por terceros a quienes hemos contratado para apoyarnos en procesos espec\u00edficos. Estos procesos incluyen la correcci\u00f3n de registros, los servicios de prevenci\u00f3n de fraude y el ofrecimiento de ofertas o productos especiales. Es posible que conjuntemos la informaci\u00f3n que recibimos de estos terceros con aquella que ya tenemos de usted.<\/p><p><strong>Finalidades primarias.<\/strong><\/p><p>En general, los datos personales que obtenemos de usted son utilizados para procesar sus solicitudes y transacciones; para proveerle servicios de alta calidad; para hacerle saber de ofertas y para administrar su cuenta. Algunas finalidades espec\u00edficas para las cuales sus datos son procesados son las siguientes:<\/p><ol><li>Para procesar alguna solicitud que nos haga;<\/li><li>Para administrar su cuenta. Esta finalidad incluye el procesar sus datos para efectos de llevar a cabo aclaraciones e investigaciones;<\/li><li>Comunicarnos con usted por diferentes motivos relacionados con alguna solicitud incluyendo aspectos de seguridad;<\/li><li>Para fines de mercadotecnia. Podemos hacerle llegar publicaciones, encuestas o informaci\u00f3n promocional de diversos tipos, tales como ofertas en general y ofertas personalizadas y recomendaciones sobre productos (la \u201cInformaci\u00f3n Promocional\u201d).<\/li><\/ol><p>Por favor considere que el hacerle llegar informaci\u00f3n promocional no es una actividad que consideremos esencial para mantener la relaci\u00f3n que sostenemos con usted. Si usted prefiere no recibir Informaci\u00f3n Promocional, Only rent A Car le facilita el hacernos saber esta decisi\u00f3n. Para conocer m\u00e1s acerca de los medios que Only Rent A Car le ofrece para que usted pueda limitar la forma en que Only Rent A Car usa o divulga sus datos personales, por favor consulte la secci\u00f3n \u201cOpciones para Limitar el Uso o Divulgaci\u00f3n de sus Datos Personales\u201d establecida en este Aviso.<\/p><p><strong>Finalidades secundarias.<\/strong><\/p><p>Only Rent A Car tratar\u00e1 sus datos personales para llevar a cabo alguna o todas las finalidades secundarias como:<\/p><ol><li>Informarle del lanzamiento o cambios de nuevos servicios o productos, bienes, eventos, promociones y\/u ofertas de acuerdo a sus intereses de Only Rent A Car, as\u00ed como de otras marcas y\/o empresas afiliadas y\/o subsidiarias de Only Rent A Car, incluyendo el env\u00edo de comunicaciones a trav\u00e9s de correos electr\u00f3nicos, redes sociales, llamadas telef\u00f3nicas, mensajes cortos \u00a0y dem\u00e1s medios de comunicaci\u00f3n f\u00edsicos y\/o electr\u00f3nicos;<\/li><li>Realizar estudios sobre h\u00e1bitos de compra;<\/li><li>Realizar estudios sobre h\u00e1bitos de consumo;<\/li><li>Cualquier otra actividad tendiente a promover, mantener, mejorar y evaluar los Servicios;<\/li><\/ol><p><strong>Finalidades espec\u00edficas.<\/strong><\/p><p>Los datos de identificaci\u00f3n, son necesarios para la creaci\u00f3n de cuentas individuales que le den la posibilidad al usuario de realizar compras para la renta de autos .\u00a0<\/p><p>La recopilaci\u00f3n de datos sensibles es opcional, pero es importante para poderle ofrecer ofertas en alg\u00fan momento dado.<\/p><p>Si usted no desea que Only Rent A CAr trate sus datos personales para alguna de las finalidades descritas en este apartado, por favor env\u00ede un correo electr\u00f3nico a onlyrentcaroax@gmail.com Usted podr\u00e1 cambiar de opci\u00f3n en cualquier momento.<\/p><p><strong>Transferencias.<\/strong><\/p><p>Con la finalidad de dar cumplimiento a las obligaciones derivadas de la relaci\u00f3n jur\u00eddica con usted, as\u00ed como aquellas finalidades previstas en este Aviso de Privacidad, Only Rent A Car podr\u00e1 remitir sus datos personales a empresas que nos prestan alg\u00fan servicio. Estos servicios se prestan por instrucciones nuestras, en los t\u00e9rminos de los contratos correspondientes. Adem\u00e1s podr\u00e1 transferir sin requerir de su consentimiento, los datos personales necesarios a autoridades competentes en los casos legalmente previstos; a terceros tanto nacionales como extranjeros, intervinientes en la prestaci\u00f3n de los servicios solicitados por usted; as\u00ed como aquellas empresas afiliadas y\/o subsidiarias de Only Rent A Car para que estas le puedan contactar, directa o indirectamente, para llevar a cabo actividades de promoci\u00f3n y\/u ofrecimiento de productos y\/o servicios que dichas subsidiarias y\/o afiliadas de Only Rent A Car pueden comercializar y\/o prestar de manera conjunta con Only Rent A Car o de manera independiente. Le informamos que dichas empresas operan bajo pol\u00edticas de privacidad que cumplen con las disposiciones aplicables correspondientes. Para efectos del presente Aviso de Privacidad, afiliada significa respecto de una empresa determinada cualquier otra empresa que, directa o indirectamente, a trav\u00e9s de uno o m\u00e1s intermediarios tiene el control, es controlada o se encuentra bajo el control com\u00fan de la empresa especificada.<\/p><p><strong>Derechos \u201cARCO\u201d.<\/strong><\/p><p>De conformidad con la LFPDPPP, usted goza de los derechos para acceder, rectificar y cancelar los datos personales que nos ha proporcionado. Tambi\u00e9n cuenta con el derecho de oponerse a ciertas actividades de tratamiento que llevamos a cabo y con el derecho de revocar en cualquier momento el consentimiento que nos haya otorgado para procesar sus datos en la medida que la ley lo permita. Los derechos de Acceso, Rectificaci\u00f3n, Cancelaci\u00f3n y Oposici\u00f3n antes mencionados, son com\u00fanmente conocidos como \u201cDerechos ARCO\u201d. Para el ejercicio de sus Derechos ARCO o de su derecho de revocaci\u00f3n, por favor cont\u00e1ctenos a la siguiente direcci\u00f3n de correo electr\u00f3nico: onlyrentcaroax@gmail.com (Le enviaremos un formato y podr\u00e1 devolverlo a este mismo correo).<\/p><p>Nosotros le comunicaremos, cuando menos: (i) la informaci\u00f3n que usted deber\u00e1 proporcionarnos para identificarse y los documentos que necesitar\u00e1 adjuntar a su solicitud; en su caso, la informaci\u00f3n que su representante legal deber\u00e1 proporcionar para identificarse y para acreditar que est\u00e1 actuando en su nombre y representaci\u00f3n; (ii) los plazos en los que recibir\u00e1 una respuesta con relaci\u00f3n a su solicitud; (iii) informaci\u00f3n respecto a c\u00f3mo debe de presentar su solicitud, incluyendo los formularios que puede utilizar (en caso de existir) y; (iv) la modalidad o medio en que le entregaremos la informaci\u00f3n a usted (que generalmente ser\u00e1 mediante la entrega de copias o mensajes de datos).<\/p><p><strong>Dudas o Aclaraciones.<\/strong><\/p><p>Si usted tiene alguna pregunta o desea contactarnos por alguna raz\u00f3n, incluyendo para formular una queja, usted puede realizar cualquiera de los siguientes procedimientos:<\/p><ol><li>Comun\u00edquese con nosotros al (95) 1 171 3476<\/li><li>Env\u00edenos un correo a: onlyrentcaroax@gmail.com<\/li><li>A trav\u00e9s de nuestra p\u00e1gina web (En el apartado: \u201ccontacto\u201d).<\/li><\/ol><p><strong>Opciones y medios para limitar el uso o divulgaci\u00f3n de sus datos personales.<\/strong><\/p><p>Usted podr\u00e1 limitar el uso o divulgaci\u00f3n de sus datos personales enviando su solicitud al Departamento de Datos Personales de Only Rent A Car a la direcci\u00f3n onlyrentcaroax@gmail.com los requisitos para acreditar su identidad, as\u00ed como el procedimiento para atender su solicitud se regir\u00e1n por los mismos criterios se\u00f1alados en el presente Aviso.<\/p><p>Si usted no desea recibir Informaci\u00f3n Promocional, incluyendo nuestros correos electr\u00f3nicos, usted: (a) recibir\u00e1 la opci\u00f3n de rechazar \u2013 recibir esta informaci\u00f3n en el Sitio web; (b) solicitar su cancelaci\u00f3n a las listas haciendo clic en la palabra \u201celiminar\u201d que aparece como un hiperv\u00ednculo en cualquiera de los correos electr\u00f3nicos; (c) puede llamarnos al tel\u00e9fono (95) 1 171 3476; o (d) puede enviarnos un correo a: onlyrentcaroax@gmail.com<\/p><p>En caso de que su solicitud resulte procedente, el Departamento de Datos Personales de Only Rent A Car lo registrar\u00e1 en el listado de exclusi\u00f3n propio de Only Rent A Car con el objeto de que usted deje de recibir nuestras promociones.<\/p><p>Por otro lado, en el caso de que desee eliminar la suscripci\u00f3n a nuestro bolet\u00edn informativo y dejar de recibir promociones, podr\u00e1 hacerlo en las pesta\u00f1as indicadas de la p\u00e1gina web.<\/p><p>\u00a0<\/p><p><strong>Aviso sobre cookies.<\/strong><\/p><p>Only Rent A Car utiliza varias tecnolog\u00edas para mejorar la eficiencia\u00a0 de su sitio web, incluyendo su experiencia cuando navega por dichos sitios. Entre estas tecnolog\u00edas se incluye el uso de cookies. Las cookies son peque\u00f1as cantidades de informaci\u00f3n que se almacenan en el navegador utilizado por cada usuario para que el servidor recuerde cierta informaci\u00f3n que posteriormente pueda utilizar. Esta informaci\u00f3n permite identificarle y guardar sus preferencias personales para brindarle una mejor experiencia de navegaci\u00f3n. Le recordamos que usted puede deshabilitar o ajustar el uso de cookies siguiendo los procedimientos del navegador de internet que utiliza.<\/p><p><strong>Propiedad Intelectual.<\/strong><\/p><p>Este sitio web contiene marcas, nombres, dise\u00f1os, logotipos, signos distintivos, avisos comerciales, im\u00e1genes, textos, audiovisuales, fotograf\u00edas, dibujos, as\u00ed como otros derechos de propiedad industrial e intelectual amparados por la Ley de la Propiedad Industrial y por la Ley Federal del Derecho de Autor, cuya propiedad corresponde \u00fanica y exclusivamente a Only Rent A Car<strong>\u00a0<\/strong> y\/o sus autores, por lo que est\u00e1 prohibida la comunicaci\u00f3n, transmisi\u00f3n, utilizaci\u00f3n, producci\u00f3n, distribuci\u00f3n, ofrecimiento, reproducci\u00f3n, imitaci\u00f3n, copia, publicaci\u00f3n, alteraci\u00f3n o modificaci\u00f3n de la informaci\u00f3n contenida en este sitio web o en sus redes sociales ya sea de manera total o parcial, sin limitaci\u00f3n a lo establecido en las leyes aplicables.<\/p><p><strong>Medio para comunicar cambios al Aviso de Privacidad.<\/strong><\/p><p>Only Rent A Car se reserva el derecho, bajo su exclusiva discreci\u00f3n, de cambiar, modificar, agregar o eliminar partes del presente Aviso de Privacidad en cualquier momento. En tal caso, Only Rent A Car publicar\u00e1 dichas modificaciones en el sitio web <a href=\"https:\/\/onlyrentacar.com\/en\/\">www.onlyrentacar.com<\/a>\u00a0 e indicar\u00e1 la fecha de \u00faltima versi\u00f3n del aviso. Le recomendamos visitar peri\u00f3dicamente esta p\u00e1gina con la finalidad de informarse si ocurre alg\u00fan cambio al presente.<\/p><p>Para cualquier duda en materia de privacidad de datos que le competa al Departamento de Datos Personales de Only Rent A Car, por favor env\u00ede un correo electr\u00f3nico a onlyrentcaroax@gmail.com y con gusto ser\u00e1 atendido.<\/p>\t\t\t\t\t\t\t\t<\/div>\n\t\t\t\t<\/div>\n\t\t\t\t\t<\/div>\n\t\t<\/div>\n\t\t\t\t\t<\/div>\n\t\t<\/section>\n\t\t\t\t<\/div>","protected":false},"excerpt":{"rendered":"<p>INTRODUCCI\u00d3N. Bienvenido a \u201cOnly Rent A Car\u201d, en donde queremos ofrecerle la mejor experiencia posible para la renta de veh\u00faculos. Con este fin, necesitamos conocer diversos datos personales y algunos de sus h\u00e1bitos para poder prestarle un servicio c\u00e1lido, profesional y personalizado. La privacidad y la seguridad de sus datos personales son y siempre ser\u00e1n [&hellip;]<\/p>\n","protected":false},"author":1,"featured_media":0,"parent":0,"menu_order":0,"comment_status":"closed","ping_status":"closed","template":"","meta":{"site-sidebar-layout":"no-sidebar","site-content-layout":"page-builder","ast-site-content-layout":"default","site-content-style":"default","site-sidebar-style":"default","ast-global-header-display":"","ast-banner-title-visibility":"","ast-main-header-display":"","ast-hfb-above-header-display":"","ast-hfb-below-header-display":"","ast-hfb-mobile-header-display":"","site-post-title":"disabled","ast-breadcrumbs-content":"","ast-featured-img":"disabled","footer-sml-layout":"","ast-disable-related-posts":"","theme-transparent-header-meta":"","adv-header-id-meta":"","stick-header-meta":"","header-above-stick-meta":"","header-main-stick-meta":"","header-below-stick-meta":"","astra-migrate-meta-layouts":"default","ast-page-background-enabled":"default","ast-page-background-meta":{"desktop":{"background-color":"","background-image":"","background-repeat":"repeat","background-position":"center center","background-size":"auto","background-attachment":"scroll","background-type":"","background-media":"","overlay-type":"","overlay-color":"","overlay-opacity":"","overlay-gradient":""},"tablet":{"background-color":"","background-image":"","background-repeat":"repeat","background-position":"center center","background-size":"auto","background-attachment":"scroll","background-type":"","background-media":"","overlay-type":"","overlay-color":"","overlay-opacity":"","overlay-gradient":""},"mobile":{"background-color":"","background-image":"","background-repeat":"repeat","background-position":"center center","background-size":"auto","background-attachment":"scroll","background-type":"","background-media":"","overlay-type":"","overlay-color":"","overlay-opacity":"","overlay-gradient":""}},"ast-content-background-meta":{"desktop":{"background-color":"var(--ast-global-color-5)","background-image":"","background-repeat":"repeat","background-position":"center center","background-size":"auto","background-attachment":"scroll","background-type":"","background-media":"","overlay-type":"","overlay-color":"","overlay-opacity":"","overlay-gradient":""},"tablet":{"background-color":"var(--ast-global-color-5)","background-image":"","background-repeat":"repeat","background-position":"center center","background-size":"auto","background-attachment":"scroll","background-type":"","background-media":"","overlay-type":"","overlay-color":"","overlay-opacity":"","overlay-gradient":""},"mobile":{"background-color":"var(--ast-global-color-5)","background-image":"","background-repeat":"repeat","background-position":"center center","background-size":"auto","background-attachment":"scroll","background-type":"","background-media":"","overlay-type":"","overlay-color":"","overlay-opacity":"","overlay-gradient":""}},"footnotes":""},"class_list":["post-7869","page","type-page","status-publish","hentry"],"_links":{"self":[{"href":"https:\/\/onlyrentacar.com\/en\/wp-json\/wp\/v2\/pages\/7869","targetHints":{"allow":["GET"]}}],"collection":[{"href":"https:\/\/onlyrentacar.com\/en\/wp-json\/wp\/v2\/pages"}],"about":[{"href":"https:\/\/onlyrentacar.com\/en\/wp-json\/wp\/v2\/types\/page"}],"author":[{"embeddable":true,"href":"https:\/\/onlyrentacar.com\/en\/wp-json\/wp\/v2\/users\/1"}],"replies":[{"embeddable":true,"href":"https:\/\/onlyrentacar.com\/en\/wp-json\/wp\/v2\/comments?post=7869"}],"version-history":[{"count":7,"href":"https:\/\/onlyrentacar.com\/en\/wp-json\/wp\/v2\/pages\/7869\/revisions"}],"predecessor-version":[{"id":7876,"href":"https:\/\/onlyrentacar.com\/en\/wp-json\/wp\/v2\/pages\/7869\/revisions\/7876"}],"wp:attachment":[{"href":"https:\/\/onlyrentacar.com\/en\/wp-json\/wp\/v2\/media?parent=7869"}],"curies":[{"name":"wp","href":"https:\/\/api.w.org\/{rel}","templated":true}]}}