{"id":9677,"date":"2024-11-12T13:37:08","date_gmt":"2024-11-12T18:37:08","guid":{"rendered":"https:\/\/onlyrentacar.com\/?page_id=9677"},"modified":"2024-11-12T14:48:35","modified_gmt":"2024-11-12T19:48:35","slug":"terminos-y-condiciones-2024","status":"publish","type":"page","link":"https:\/\/onlyrentacar.com\/en\/terminos-y-condiciones-2024\/","title":{"rendered":"T\u00e9rminos y condiciones"},"content":{"rendered":"<div data-elementor-type=\"wp-page\" data-elementor-id=\"9677\" class=\"elementor elementor-9677\" data-elementor-post-type=\"page\">\n\t\t\t\t\t\t<section class=\"elementor-section elementor-top-section elementor-element elementor-element-e08ebbc elementor-section-boxed elementor-section-height-default elementor-section-height-default\" data-id=\"e08ebbc\" data-element_type=\"section\" data-e-type=\"section\">\n\t\t\t\t\t\t<div class=\"elementor-container elementor-column-gap-default\">\n\t\t\t\t\t<div class=\"elementor-column elementor-col-100 elementor-top-column elementor-element elementor-element-e9afee7\" data-id=\"e9afee7\" data-element_type=\"column\" data-e-type=\"column\">\n\t\t\t<div class=\"elementor-widget-wrap elementor-element-populated\">\n\t\t\t\t\t\t<div class=\"elementor-element elementor-element-a3db6e6 elementor-hidden-tablet elementor-hidden-mobile elementor-widget elementor-widget-spacer\" data-id=\"a3db6e6\" data-element_type=\"widget\" data-e-type=\"widget\" data-widget_type=\"spacer.default\">\n\t\t\t\t<div class=\"elementor-widget-container\">\n\t\t\t\t\t\t\t<div class=\"elementor-spacer\">\n\t\t\t<div class=\"elementor-spacer-inner\"><\/div>\n\t\t<\/div>\n\t\t\t\t\t\t<\/div>\n\t\t\t\t<\/div>\n\t\t\t\t\t<\/div>\n\t\t<\/div>\n\t\t\t\t\t<\/div>\n\t\t<\/section>\n\t\t\t\t<section class=\"elementor-section elementor-top-section elementor-element elementor-element-350c57a elementor-section-boxed elementor-section-height-default elementor-section-height-default\" data-id=\"350c57a\" data-element_type=\"section\" data-e-type=\"section\">\n\t\t\t\t\t\t<div class=\"elementor-container elementor-column-gap-default\">\n\t\t\t\t\t<div class=\"elementor-column elementor-col-100 elementor-top-column elementor-element elementor-element-105d8fb\" data-id=\"105d8fb\" data-element_type=\"column\" data-e-type=\"column\">\n\t\t\t<div class=\"elementor-widget-wrap elementor-element-populated\">\n\t\t\t\t\t\t<div class=\"elementor-element elementor-element-9802382 elementor-widget elementor-widget-text-editor\" data-id=\"9802382\" data-element_type=\"widget\" data-e-type=\"widget\" data-widget_type=\"text-editor.default\">\n\t\t\t\t<div class=\"elementor-widget-container\">\n\t\t\t\t\t\t\t\t\t<h5><strong>T\u00e9rminos y condiciones ONLY RENT A CAR M\u00c9XICO<\/strong><\/h5><p>Los precios se\u00f1alados incluyen el IVA.<\/p><p>El total aproximado del alquiler est\u00e1 basado en la informaci\u00f3n suministrada al momento de hacer su reservaci\u00f3n. El conductor deber\u00e1 presentar una tarjeta de cr\u00e9dito vigente con suficiente saldo disponible, licencia de conducir vigente y una identificaci\u00f3n oficial a la hora de aperturar el contrato. Al momento de hacer v\u00e1lida la reservaci\u00f3n se deber\u00e1 suscribir la apertura del contrato de arrendamiento, y otorgar un dep\u00f3sito con cargo a la tarjeta de<br \/>cr\u00e9dito, en garant\u00eda del cumplimiento fiel y puntual de todas y cada una de sus obligaciones adquiridas en el Contrato de Arrendamiento.<\/p><p>Usted puede adquirir servicios adicionales que puede elegir al momento del alquiler, tales como recarga de combustible, protecci\u00f3n LDW para el veh\u00edculo, sillas de bebe etc., pregunte a nuestros representantes, con gusto le dar\u00e1n los detalles.<\/p><p>Si usted requiere un conductor adicional, es necesario que la persona est\u00e9 presente en el momento de la apertura del contrato, sea mayor de edad, tenga una licencia vigente y una identificaci\u00f3n oficial con el fin de que sea registrado como conductor autorizado.<\/p><p>La edad m\u00ednima para poder rentar o manejar una de nuestras unidades es de 18 a\u00f1os. En caso de devoluci\u00f3n del veh\u00edculo posteriormente a la hora de devoluci\u00f3n se\u00f1alada en la reservaci\u00f3n, aplicar\u00e1n cargos adicionales por el tiempo excedente a la fecha de devoluci\u00f3n, de acuerdo con la tarifa p\u00fablica vigente exhibida a la vista del p\u00fablico en la localidad de devoluci\u00f3n.<\/p><p>El periodo m\u00ednimo de renta es de un d\u00eda (24 horas).<\/p><p>El precio de su reservaci\u00f3n incluye los servicios mencionados en esta reservaci\u00f3n, y Cobertura de Protecci\u00f3n de Responsabilidad Civil contra da\u00f1os a terceros hasta por $700,000.00 Moneda Nacional, as\u00ed como cuotas locales e IVA. Inclusi\u00f3n de coberturas, cuota local e IVA. Cualquier Cobertura de Protecci\u00f3n y Servicios que no se encuentren mencionados como incluidos en esta reservaci\u00f3n tienen un costo adicional de acuerdo con la tarifa<br \/>p\u00fablica vigente exhibida a la vista del p\u00fablico en la localidad de entrega de la Unidad. Aplican l\u00edmites de protecci\u00f3n y deducibles en algunas coberturas de protecci\u00f3n, Aplica para todas las localidades de ONLY RENT A CAR, de la Rep\u00fablica Mexicana.<\/p><p>Su reservaci\u00f3n es para tomar y devolver el auto en la ciudad y oficina de acuerdo con lo indicado en esta confirmaci\u00f3n, si usted decide entregarlo en una oficina distinta a la pactada puede haber cargos adicionales, pregunte a nuestros representantes. El veh\u00edculo arrendado no podr\u00e1 salir de los l\u00edmites del Territorio de la Rep\u00fablica Mexicana. No existe consentimiento y se encuentra prohibido salir de la Rep\u00fablica Mexicana por las fronteras del sur de la Rep\u00fablica Mexicana (ej. Guatemala y Belice). Le informamos que no aceptamos efectivo en ninguna de las oficinas de ONLY RENT A CAR, las tarjetas de cr\u00e9ditos de banco establecido son bienvenidas y aceptadas como forma de pago.<\/p><p>El pago con tarjeta de d\u00e9bito s\u00f3lo ser\u00e1 aceptado en caso de que usted llegue al aeropuerto en un vuelo el mismo d\u00eda que solicita la apertura del contrato y \u00fanicamente para oficinas localizadas en aeropuertos, no ser\u00e1 v\u00e1lido en otra situaci\u00f3n. Deber\u00e1 mostrar INE o PASAPORTE, licencia de manejo vigente y tarjeta de cr\u00e9dito, vuelos, estos documentos deber\u00e1n fotocopiarse y anexarse al expediente del contrato, al momento de hacer su<br \/>reservaci\u00f3n ser\u00e1 notificado de la documentaci\u00f3n que deber\u00e1 presentar en mostrador. Se Requiere una tarjeta de cr\u00e9dito v\u00e1lida al momento de firmar contrato para el dep\u00f3sito por garant\u00eda (10% del valor del auto, este dep\u00f3sito var\u00eda de acuerdo con el Seguro\/Cobertura contratada y su tarjeta ser\u00e1 bloqueada por la cantidad que la arrendadora determine). Al t\u00e9rmino del contrato se devuelve la garant\u00eda, *A partir de ese momento el banco<br \/>se tarda aproximadamente 5 a 7 d\u00edas h\u00e1biles, tiempo estimado que da el banco para verlo reflejado en su estado de cuenta.<\/p><p>La forma de pago al final de la renta podr\u00e1 ser en efectivo, o tarjeta de cr\u00e9dito (American Express, VISA,<br \/>MasterCard, Banamex, BBVA Bancomer, Banorte, Santander, HSBC y Scotiabank).<\/p><p>En ONLY RENT ACAR, las mascotas son bienvenidas. Lo anterior no exime la obligaci\u00f3n del usuario de entregar el veh\u00edculo limpio al finalizar su renta. Para ayudar a preservar la limpieza y cuidado del veh\u00edculo al viajar con mascotas. La entrega de un veh\u00edculo sucio generar\u00e1 una tarifa extra por limpieza profunda $1,800.00 MX auto y $2,900 camioneta.\u00a0<\/p><p><strong>DERECHOS Y OBLIGACIONES DE LAS PARTES:<\/strong><\/p><p>Los contratantes se reconocen como derechos exigibles, el cumplimiento de todas las disposiciones del presente contrato, normando su consentimiento por la observancia de las siguientes obligaciones: En el cumplimiento del presente contrato el arrendador se obliga a:<\/p><ul><li>(a) Entregar el veh\u00edculo arrendado en \u00f3ptimas condiciones de uso, considerando el combustible necesario para tal efecto; el d\u00eda, hora y lugar acordado por las partes.<\/li><li>(b) Recibir el veh\u00edculo con el mismo nivel de combustible con el que lo entreg\u00f3 al arrendatario, de conformidad con lo que indique el medidor de combustible del veh\u00edculo arrendado y que quedar\u00e1 establecido en el Anexo del presente instrumento. En caso de que el Arrendatario no lo devuelva con la misma cantidad de combustible, pagar\u00e1 al arrendador el costo del combustible faltante al precio de mercado m\u00e1s el cargo por el servicio de reabastecimiento se\u00f1alado en el Anexo.<\/li><li>(c) A recibir el veh\u00edculo arrendado, se\u00f1alando al arrendatario, de ser el caso, que el veh\u00edculo lo recibe a su entera satisfacci\u00f3n; de lo contrario deber\u00e1 manifestar en el acto de recepci\u00f3n los motivos de su proceder.\u00a0<\/li><li>(d) Devolver al arrendatario en el tiempo estipulado para tal efecto, la cantidad otorgada en dep\u00f3sito en garant\u00eda<br \/>en los t\u00e9rminos establecidos en la cl\u00e1usula octava del presente contrato.<\/li><\/ul><p>Para los efectos de este contrato, son obligaciones del arrendatario:<\/p><ul><li>(a) Pagar al arrendador la renta convenida del veh\u00edculo arrendado de manera puntual, sin requerimiento de pago y en las condiciones establecidas en el presente contrato.<\/li><li>(b) Conducir, en todo momento el veh\u00edculo arrendado, bajo el amparo de la licencia respectiva, otorgada por las autoridades competentes; respetando los Reglamentos y Leyes de Tr\u00e1nsito en el \u00e1mbito Federal, Local o Municipal. El arrendatario \u00fanicamente deber\u00e1 permitir que conduzcan el veh\u00edculo arrendado las personas que est\u00e9n expresamente autorizadas para hacerlo en el Anexo del presente contrato.<\/li><li>(c) No manejar el veh\u00edculo en estado de ebriedad o bajo la influencia de drogas.<\/li><li>(d) No hacer uso del veh\u00edculo en forma lucrativa, ni subarrendarlo.<\/li><li>(e) No utilizar el veh\u00edculo arrendado para arrastrar remolques y no sobrecargarlo debi\u00e9ndolo usar conforme a<br \/>su resistencia y capacidad normal.<\/li><li>(f) Conservar el veh\u00edculo en el estado que lo recibi\u00f3, exceptuando el desgaste normal del uso.<\/li><li>(g) No conducir ni transportar en el interior del veh\u00edculo materias explosivas o inflamables, drogas o estupefacientes.<\/li><li>(h) Pagar el importe de las sanciones que le fueran impuestas por violaci\u00f3n a los Reglamentos de Tr\u00e1nsito o a cualquier otra, a\u00fan despu\u00e9s de concluida la vigencia del contrato, si la infracci\u00f3n se origin\u00f3 durante el tiempo en que estuvo el veh\u00edculo arrendando a disposici\u00f3n del arrendatario.<\/li><li>(i) No utilizar el veh\u00edculo de manera diferente a lo pactado, ni de manera alguna que implique da\u00f1os al veh\u00edculo por conducirlo en forma inadecuada, por hacerlo transitar por v\u00edas no adecuadas conforme a las caracter\u00edsticas del autom\u00f3vil o por participar en carreras u otras pruebas. Tampoco podr\u00e1 conducirlo por v\u00edas que se encuentren inundadas.<\/li><li>(j) No subarrendar a terceros el veh\u00edculo objeto del presente contrato sin previo consentimiento del arrendador.<\/li><li>(k) Proporcionar al arrendador informaci\u00f3n veraz y documentaci\u00f3n original con motivo de la celebraci\u00f3n del presente contrato.<\/li><li>(l) Revisar en forma peri\u00f3dica los niveles de aceite en el motor, del agua del radiador y revisar la presi\u00f3n del aire<br \/>de las llantas del veh\u00edculo. No realizar reparaci\u00f3n alguna al veh\u00edculo, salvo previa autorizaci\u00f3n de la arrendadora.<\/li><\/ul><p>\u00a0<\/p><h3 style=\"text-align: center;\"><strong>ATENTAMENTE:<\/strong><br \/><strong>ONLY RENT A CAR<\/strong><\/h3><p>\u00a0<\/p>\t\t\t\t\t\t\t\t<\/div>\n\t\t\t\t<\/div>\n\t\t\t\t\t<\/div>\n\t\t<\/div>\n\t\t\t\t\t<\/div>\n\t\t<\/section>\n\t\t\t\t<\/div>","protected":false},"excerpt":{"rendered":"<p>T\u00e9rminos y condiciones ONLY RENT A CAR M\u00c9XICO Los precios se\u00f1alados incluyen el IVA. El total aproximado del alquiler est\u00e1 basado en la informaci\u00f3n suministrada al momento de hacer su reservaci\u00f3n. El conductor deber\u00e1 presentar una tarjeta de cr\u00e9dito vigente con suficiente saldo disponible, licencia de conducir vigente y una identificaci\u00f3n oficial a la hora [&hellip;]<\/p>\n","protected":false},"author":1,"featured_media":0,"parent":0,"menu_order":0,"comment_status":"closed","ping_status":"closed","template":"","meta":{"site-sidebar-layout":"no-sidebar","site-content-layout":"page-builder","ast-site-content-layout":"default","site-content-style":"default","site-sidebar-style":"default","ast-global-header-display":"","ast-banner-title-visibility":"","ast-main-header-display":"","ast-hfb-above-header-display":"","ast-hfb-below-header-display":"","ast-hfb-mobile-header-display":"","site-post-title":"disabled","ast-breadcrumbs-content":"","ast-featured-img":"disabled","footer-sml-layout":"","ast-disable-related-posts":"","theme-transparent-header-meta":"","adv-header-id-meta":"","stick-header-meta":"","header-above-stick-meta":"","header-main-stick-meta":"","header-below-stick-meta":"","astra-migrate-meta-layouts":"default","ast-page-background-enabled":"default","ast-page-background-meta":{"desktop":{"background-color":"","background-image":"","background-repeat":"repeat","background-position":"center center","background-size":"auto","background-attachment":"scroll","background-type":"","background-media":"","overlay-type":"","overlay-color":"","overlay-opacity":"","overlay-gradient":""},"tablet":{"background-color":"","background-image":"","background-repeat":"repeat","background-position":"center center","background-size":"auto","background-attachment":"scroll","background-type":"","background-media":"","overlay-type":"","overlay-color":"","overlay-opacity":"","overlay-gradient":""},"mobile":{"background-color":"","background-image":"","background-repeat":"repeat","background-position":"center center","background-size":"auto","background-attachment":"scroll","background-type":"","background-media":"","overlay-type":"","overlay-color":"","overlay-opacity":"","overlay-gradient":""}},"ast-content-background-meta":{"desktop":{"background-color":"var(--ast-global-color-5)","background-image":"","background-repeat":"repeat","background-position":"center center","background-size":"auto","background-attachment":"scroll","background-type":"","background-media":"","overlay-type":"","overlay-color":"","overlay-opacity":"","overlay-gradient":""},"tablet":{"background-color":"var(--ast-global-color-5)","background-image":"","background-repeat":"repeat","background-position":"center center","background-size":"auto","background-attachment":"scroll","background-type":"","background-media":"","overlay-type":"","overlay-color":"","overlay-opacity":"","overlay-gradient":""},"mobile":{"background-color":"var(--ast-global-color-5)","background-image":"","background-repeat":"repeat","background-position":"center center","background-size":"auto","background-attachment":"scroll","background-type":"","background-media":"","overlay-type":"","overlay-color":"","overlay-opacity":"","overlay-gradient":""}},"footnotes":""},"class_list":["post-9677","page","type-page","status-publish","hentry"],"_links":{"self":[{"href":"https:\/\/onlyrentacar.com\/en\/wp-json\/wp\/v2\/pages\/9677","targetHints":{"allow":["GET"]}}],"collection":[{"href":"https:\/\/onlyrentacar.com\/en\/wp-json\/wp\/v2\/pages"}],"about":[{"href":"https:\/\/onlyrentacar.com\/en\/wp-json\/wp\/v2\/types\/page"}],"author":[{"embeddable":true,"href":"https:\/\/onlyrentacar.com\/en\/wp-json\/wp\/v2\/users\/1"}],"replies":[{"embeddable":true,"href":"https:\/\/onlyrentacar.com\/en\/wp-json\/wp\/v2\/comments?post=9677"}],"version-history":[{"count":13,"href":"https:\/\/onlyrentacar.com\/en\/wp-json\/wp\/v2\/pages\/9677\/revisions"}],"predecessor-version":[{"id":9713,"href":"https:\/\/onlyrentacar.com\/en\/wp-json\/wp\/v2\/pages\/9677\/revisions\/9713"}],"wp:attachment":[{"href":"https:\/\/onlyrentacar.com\/en\/wp-json\/wp\/v2\/media?parent=9677"}],"curies":[{"name":"wp","href":"https:\/\/api.w.org\/{rel}","templated":true}]}}