{"id":6947,"date":"2022-05-26T23:42:55","date_gmt":"2022-05-27T04:42:55","guid":{"rendered":"https:\/\/onlyrentacar.mx\/?post_type=product&#038;p=6947"},"modified":"2025-01-16T15:45:09","modified_gmt":"2025-01-16T20:45:09","slug":"toyota-yaris-manual","status":"publish","type":"product","link":"https:\/\/onlyrentacar.com\/en\/vehiculo\/toyota-yaris-manual\/","title":{"rendered":"TOYOTA YARIS MANUAL"},"content":{"rendered":"<div class=\"container\">\n<div class=\"row\">\n<div class=\"col-lg-6\">\n<h5><span style=\"color: #001d7e;\">Pol\u00edticas de Cancelaci\u00f3n<\/span><\/h5>\n<h5><span style=\"font-size: small;\">&#8211; CANCELACIONES CON 72 HRS. SIN CARGO.<br \/>\n&#8211; CANCELACIONES CON 48 HRS. 30% DE CARGO TOTAL.<br \/>\n&#8211; CANCELACIONES CON 24 HORAS. 50% DEL TOTAL.<br \/>\n&#8211; CANCELACIONES EN EL MISMO DIA. CARGO DEL TOTAL DEL SERVICIO O RESERVACI\u00d3N.<\/span><\/h5>\n<p><span style=\"font-size: small;\">(Todas las reservaciones tienen tiempo de tolerancia de 1 hr,<br \/>\ndespu\u00e9s de ese tiempo se tomar\u00e1 por cancelada o no show). Ante cualquier duda,<br \/>\ncomun\u00edquese con el equipo de Operaciones (ventas@onlyrentacar.com).<\/span><\/p>\n<\/div>\n<div class=\"col-lg-6\">\n<h5><span style=\"color: #001d7e;\">Seguro de Cobertura<\/span><\/h5>\n<p><span style=\"font-size: small;\">Porcentajes aplica el valor de nuestros veh\u00edculos y est\u00e1n sujetos a las condiciones generales de la p\u00f3liza de seguro y el contrato de arrendamiento.<\/span><\/p>\n<p>RESPONSABILIDAD CIVIL &#8211; Da\u00f1os a terceros hasta $500,000.00 MN. (no aplica deducibles).<br \/>\nGASTOS M\u00c9DICOS OCUPANTES &#8211; Hasta por $100,000.00 MN. (no aplica deducibles).<br \/>\nLEGAL EXPENSES - No deductibles apply.<br \/>\nPHYSICAL DAMAGES - 10% deductible.<br \/>\nROBO &#8211; 10% deducible.<\/p>\n<\/div>\n<\/div>\n<\/div>","protected":false},"excerpt":{"rendered":"<p>5 pasajeros \/ 5 maletas<\/p>\n<p>TRANSMISI\u00d3N MANUAL, EST\u00c9REO, CLIMA, 4 PUERTAS.<\/p>","protected":false},"featured_media":8482,"template":"","meta":{"site-sidebar-layout":"default","site-content-layout":"default","ast-site-content-layout":"default","site-content-style":"default","site-sidebar-style":"default","ast-global-header-display":"","ast-banner-title-visibility":"","ast-main-header-display":"","ast-hfb-above-header-display":"","ast-hfb-below-header-display":"","ast-hfb-mobile-header-display":"","site-post-title":"","ast-breadcrumbs-content":"","ast-featured-img":"","footer-sml-layout":"","ast-disable-related-posts":"","theme-transparent-header-meta":"default","adv-header-id-meta":"","stick-header-meta":"","header-above-stick-meta":"","header-main-stick-meta":"","header-below-stick-meta":"","astra-migrate-meta-layouts":"default","ast-page-background-enabled":"default","ast-page-background-meta":{"desktop":{"background-color":"","background-image":"","background-repeat":"repeat","background-position":"center center","background-size":"auto","background-attachment":"scroll","background-type":"","background-media":"","overlay-type":"","overlay-color":"","overlay-opacity":"","overlay-gradient":""},"tablet":{"background-color":"","background-image":"","background-repeat":"repeat","background-position":"center center","background-size":"auto","background-attachment":"scroll","background-type":"","background-media":"","overlay-type":"","overlay-color":"","overlay-opacity":"","overlay-gradient":""},"mobile":{"background-color":"","background-image":"","background-repeat":"repeat","background-position":"center center","background-size":"auto","background-attachment":"scroll","background-type":"","background-media":"","overlay-type":"","overlay-color":"","overlay-opacity":"","overlay-gradient":""}},"ast-content-background-meta":{"desktop":{"background-color":"var(--ast-global-color-5)","background-image":"","background-repeat":"repeat","background-position":"center center","background-size":"auto","background-attachment":"scroll","background-type":"","background-media":"","overlay-type":"","overlay-color":"","overlay-opacity":"","overlay-gradient":""},"tablet":{"background-color":"var(--ast-global-color-5)","background-image":"","background-repeat":"repeat","background-position":"center center","background-size":"auto","background-attachment":"scroll","background-type":"","background-media":"","overlay-type":"","overlay-color":"","overlay-opacity":"","overlay-gradient":""},"mobile":{"background-color":"var(--ast-global-color-5)","background-image":"","background-repeat":"repeat","background-position":"center center","background-size":"auto","background-attachment":"scroll","background-type":"","background-media":"","overlay-type":"","overlay-color":"","overlay-opacity":"","overlay-gradient":""}}},"product_brand":[],"product_cat":[178,38],"product_tag":[],"class_list":{"0":"post-6947","1":"product","2":"type-product","3":"status-publish","4":"has-post-thumbnail","6":"product_cat-medianos","7":"product_cat-todos","8":"desktop-align-center","9":"tablet-align-center","10":"mobile-align-center","12":"first","13":"instock","14":"virtual","15":"sold-individually","16":"taxable","17":"purchasable","18":"product-type-redq_rental"},"_links":{"self":[{"href":"https:\/\/onlyrentacar.com\/en\/wp-json\/wp\/v2\/product\/6947","targetHints":{"allow":["GET"]}}],"collection":[{"href":"https:\/\/onlyrentacar.com\/en\/wp-json\/wp\/v2\/product"}],"about":[{"href":"https:\/\/onlyrentacar.com\/en\/wp-json\/wp\/v2\/types\/product"}],"wp:featuredmedia":[{"embeddable":true,"href":"https:\/\/onlyrentacar.com\/en\/wp-json\/wp\/v2\/media\/8482"}],"wp:attachment":[{"href":"https:\/\/onlyrentacar.com\/en\/wp-json\/wp\/v2\/media?parent=6947"}],"wp:term":[{"taxonomy":"product_brand","embeddable":true,"href":"https:\/\/onlyrentacar.com\/en\/wp-json\/wp\/v2\/product_brand?post=6947"},{"taxonomy":"product_cat","embeddable":true,"href":"https:\/\/onlyrentacar.com\/en\/wp-json\/wp\/v2\/product_cat?post=6947"},{"taxonomy":"product_tag","embeddable":true,"href":"https:\/\/onlyrentacar.com\/en\/wp-json\/wp\/v2\/product_tag?post=6947"}],"curies":[{"name":"wp","href":"https:\/\/api.w.org\/{rel}","templated":true}]}}