{"id":9292,"date":"2024-01-17T16:35:08","date_gmt":"2024-01-17T21:35:08","guid":{"rendered":"https:\/\/onlyrentacar.com\/?post_type=product&#038;p=9292"},"modified":"2025-12-08T17:09:05","modified_gmt":"2025-12-08T22:09:05","slug":"suburban-rst","status":"publish","type":"product","link":"https:\/\/onlyrentacar.com\/en\/vehiculo\/suburban-rst\/","title":{"rendered":"Suburban RST"},"content":{"rendered":"<p><strong>Pol\u00edticas de Cancelaci\u00f3n:<\/strong><\/p>\n<ul>\n<li><strong>Cancelaciones con 72 horas de antelaci\u00f3n: Sin cargo.<\/strong><\/li>\n<li><strong>Cancelaciones con 48 horas de antelaci\u00f3n: 30% del cargo total.<\/strong><\/li>\n<li><strong>Cancelaciones con 24 horas de antelaci\u00f3n: 50% del total.<\/strong><\/li>\n<li><strong>Cancelaciones en el mismo d\u00eda: Cargo del total del servicio o reserva.<\/strong><\/li>\n<\/ul>\n<p>(Todas las reservaciones cuentan con un per\u00edodo de tolerancia de 1 hora; despu\u00e9s de ese tiempo, se considerar\u00e1n canceladas o como no presentaci\u00f3n. Si tienes alguna pregunta, por favor comun\u00edcate con nuestro equipo de Operaciones en <a href=\"mailto:ventas@onlyrentacar.com\" target=\"_new\">ventas@onlyrentacar.com<\/a>).<\/p>\n<p><strong>Seguro de Cobertura:<\/strong><\/p>\n<p>Nuestro seguro de cobertura se basa en el valor de nuestros veh\u00edculos y est\u00e1 sujeto a las condiciones generales de la p\u00f3liza de seguro y el contrato de arrendamiento:<\/p>\n<ul>\n<li><strong>Responsabilidad Civil:<\/strong> Cobertura de da\u00f1os a terceros hasta $500,000.00 MN (sin deducibles).<\/li>\n<li><strong>Gastos M\u00e9dicos para Ocupantes:<\/strong> Cobertura de hasta $100,000.00 MN (sin deducibles).<\/li>\n<li><strong>Gastos Legales:<\/strong> Sin deducibles.<\/li>\n<li><strong>Da\u00f1os Materiales:<\/strong> Con un deducible del 10%.<\/li>\n<li><strong>Robo:\u00a0<\/strong>Con un deducible del 10%<\/li>\n<\/ul>\n<p>Para obtener m\u00e1s detalles sobre nuestras pol\u00edticas y t\u00e9rminos de servicio, por favor consulta nuestra <a href=\"https:\/\/onlyrentacar.com\/en\/aviso-privacidad\/\" target=\"_new\">Pol\u00edtica de Privacidad<\/a>.<\/p>\n<p>Estas pol\u00edticas y coberturas est\u00e1n dise\u00f1adas para garantizar una experiencia de alquiler de autos segura y transparente para nuestros clientes.<\/p>","protected":false},"excerpt":{"rendered":"<p>Pol\u00edticas de Cancelaci\u00f3n: Cancelaciones con 72 horas de antelaci\u00f3n: Sin cargo. Cancelaciones con 48 horas de antelaci\u00f3n: 30% del cargo total. Cancelaciones con 24 horas de antelaci\u00f3n: 50% del total. Cancelaciones en el mismo d\u00eda: Cargo del total del servicio o reserva. (Todas las reservaciones cuentan con un per\u00edodo de tolerancia de 1 hora; despu\u00e9s [&hellip;]<\/p>\n","protected":false},"featured_media":9293,"template":"","meta":{"site-sidebar-layout":"default","site-content-layout":"default","ast-site-content-layout":"default","site-content-style":"default","site-sidebar-style":"default","ast-global-header-display":"","ast-banner-title-visibility":"","ast-main-header-display":"","ast-hfb-above-header-display":"","ast-hfb-below-header-display":"","ast-hfb-mobile-header-display":"","site-post-title":"","ast-breadcrumbs-content":"","ast-featured-img":"","footer-sml-layout":"","ast-disable-related-posts":"","theme-transparent-header-meta":"default","adv-header-id-meta":"","stick-header-meta":"","header-above-stick-meta":"","header-main-stick-meta":"","header-below-stick-meta":"","astra-migrate-meta-layouts":"default","ast-page-background-enabled":"default","ast-page-background-meta":{"desktop":{"background-color":"","background-image":"","background-repeat":"repeat","background-position":"center center","background-size":"auto","background-attachment":"scroll","background-type":"","background-media":"","overlay-type":"","overlay-color":"","overlay-opacity":"","overlay-gradient":""},"tablet":{"background-color":"","background-image":"","background-repeat":"repeat","background-position":"center center","background-size":"auto","background-attachment":"scroll","background-type":"","background-media":"","overlay-type":"","overlay-color":"","overlay-opacity":"","overlay-gradient":""},"mobile":{"background-color":"","background-image":"","background-repeat":"repeat","background-position":"center center","background-size":"auto","background-attachment":"scroll","background-type":"","background-media":"","overlay-type":"","overlay-color":"","overlay-opacity":"","overlay-gradient":""}},"ast-content-background-meta":{"desktop":{"background-color":"var(--ast-global-color-5)","background-image":"","background-repeat":"repeat","background-position":"center center","background-size":"auto","background-attachment":"scroll","background-type":"","background-media":"","overlay-type":"","overlay-color":"","overlay-opacity":"","overlay-gradient":""},"tablet":{"background-color":"var(--ast-global-color-5)","background-image":"","background-repeat":"repeat","background-position":"center center","background-size":"auto","background-attachment":"scroll","background-type":"","background-media":"","overlay-type":"","overlay-color":"","overlay-opacity":"","overlay-gradient":""},"mobile":{"background-color":"var(--ast-global-color-5)","background-image":"","background-repeat":"repeat","background-position":"center center","background-size":"auto","background-attachment":"scroll","background-type":"","background-media":"","overlay-type":"","overlay-color":"","overlay-opacity":"","overlay-gradient":""}}},"product_brand":[],"product_cat":[182,38],"product_tag":[188,189],"class_list":{"0":"post-9292","1":"product","2":"type-product","3":"status-publish","4":"has-post-thumbnail","6":"product_cat-premium","7":"product_cat-todos","8":"product_tag-only-rent-a-car","9":"product_tag-renta-de-autos-en-oaxaca","10":"desktop-align-center","11":"tablet-align-center","12":"mobile-align-center","14":"first","15":"instock","16":"sold-individually","17":"taxable","18":"shipping-taxable","19":"purchasable","20":"product-type-redq_rental"},"_links":{"self":[{"href":"https:\/\/onlyrentacar.com\/en\/wp-json\/wp\/v2\/product\/9292","targetHints":{"allow":["GET"]}}],"collection":[{"href":"https:\/\/onlyrentacar.com\/en\/wp-json\/wp\/v2\/product"}],"about":[{"href":"https:\/\/onlyrentacar.com\/en\/wp-json\/wp\/v2\/types\/product"}],"wp:featuredmedia":[{"embeddable":true,"href":"https:\/\/onlyrentacar.com\/en\/wp-json\/wp\/v2\/media\/9293"}],"wp:attachment":[{"href":"https:\/\/onlyrentacar.com\/en\/wp-json\/wp\/v2\/media?parent=9292"}],"wp:term":[{"taxonomy":"product_brand","embeddable":true,"href":"https:\/\/onlyrentacar.com\/en\/wp-json\/wp\/v2\/product_brand?post=9292"},{"taxonomy":"product_cat","embeddable":true,"href":"https:\/\/onlyrentacar.com\/en\/wp-json\/wp\/v2\/product_cat?post=9292"},{"taxonomy":"product_tag","embeddable":true,"href":"https:\/\/onlyrentacar.com\/en\/wp-json\/wp\/v2\/product_tag?post=9292"}],"curies":[{"name":"wp","href":"https:\/\/api.w.org\/{rel}","templated":true}]}}